{"id":23167,"date":"2024-11-07T09:42:26","date_gmt":"2024-11-07T08:42:26","guid":{"rendered":"https:\/\/www.charterenibiza.com\/venta-barcos\/"},"modified":"2026-05-02T07:00:39","modified_gmt":"2026-05-02T05:00:39","slug":"venta-barcos","status":"publish","type":"page","link":"https:\/\/www.charterenibiza.com\/en\/sale-boat\/","title":{"rendered":"Boats Sale"},"content":{"rendered":"\t\t<div data-elementor-type=\"wp-page\" data-elementor-id=\"23167\" class=\"elementor elementor-23167 elementor-23147\" data-elementor-settings=\"{&quot;ha_cmc_init_switcher&quot;:&quot;no&quot;}\" data-elementor-post-type=\"page\">\n\t\t\t\t<div class=\"elementor-element elementor-element-1e5d866 e-flex e-con-boxed e-con e-parent\" data-id=\"1e5d866\" data-element_type=\"container\" data-e-type=\"container\" data-settings=\"{&quot;background_background&quot;:&quot;classic&quot;,&quot;_ha_eqh_enable&quot;:false}\">\n\t\t\t\t\t<div class=\"e-con-inner\">\n\t\t\t\t<div class=\"elementor-element elementor-element-df7e1a9 elementor-widget elementor-widget-heading\" data-id=\"df7e1a9\" data-element_type=\"widget\" data-e-type=\"widget\" data-widget_type=\"heading.default\">\n\t\t\t\t<div class=\"elementor-widget-container\">\n\t\t\t\t\t<h1 class=\"elementor-heading-title elementor-size-default\">Boats Sale<\/h1>\t\t\t\t<\/div>\n\t\t\t\t<\/div>\n\t\t\t\t<div class=\"elementor-element elementor-element-792e777 elementor-align-right elementor-widget elementor-widget-breadcrumbs\" data-id=\"792e777\" data-element_type=\"widget\" data-e-type=\"widget\" data-widget_type=\"breadcrumbs.default\">\n\t\t\t\t<div class=\"elementor-widget-container\">\n\t\t\t\t\t<nav aria-label=\"breadcrumbs\" class=\"rank-math-breadcrumb\"><p><span class=\"last\">Portada<\/span><\/p><\/nav>\t\t\t\t<\/div>\n\t\t\t\t<\/div>\n\t\t\t\t\t<\/div>\n\t\t\t\t<\/div>\n\t\t<div class=\"elementor-element elementor-element-d61e6ed e-flex e-con-boxed e-con e-parent\" data-id=\"d61e6ed\" data-element_type=\"container\" data-e-type=\"container\" data-settings=\"{&quot;_ha_eqh_enable&quot;:false}\">\n\t\t\t\t\t<div class=\"e-con-inner\">\n\t\t\t\t<div class=\"elementor-element elementor-element-984074a elementor-widget elementor-widget-text-editor\" data-id=\"984074a\" data-element_type=\"widget\" data-e-type=\"widget\" data-widget_type=\"text-editor.default\">\n\t\t\t\t<div class=\"elementor-widget-container\">\n\t\t\t\t\t\t\t\t\t<p>El <strong>alquiler de lanchas neum\u00e1ticas en Ibiza<\/strong> y Formentera es una excelente opci\u00f3n si deseas navegar y explorar cada rinc\u00f3n de estas islas. Te permitir\u00e1 descubrir lugares ocultos y sorprendentes, sin renunciar al lujo y la comodidad. Es una alternativa ideal para grupos, garantizando seguridad y confort. Con el alquiler de barcos en Ibiza, podr\u00e1s disfrutar de playas paradis\u00edacas, calas y paisajes \u00fanicos de estas islas.<\/p>\t\t\t\t\t\t\t\t<\/div>\n\t\t\t\t<\/div>\n\t\t\t\t<div class=\"elementor-element elementor-element-9e3ab5a elementor-widget elementor-widget-jet-listing-grid\" data-id=\"9e3ab5a\" data-element_type=\"widget\" data-e-type=\"widget\" data-settings=\"{&quot;columns_mobile&quot;:&quot;1&quot;,&quot;columns&quot;:3}\" data-widget_type=\"jet-listing-grid.default\">\n\t\t\t\t<div class=\"elementor-widget-container\">\n\t\t\t\t\t<div class=\"jet-listing-grid jet-listing\"><div class=\"jet-listing-grid__items grid-col-desk-3 grid-col-tablet-3 grid-col-mobile-1 jet-listing-grid--23165 jet-equal-columns__wrapper\" data-queried-id=\"23167|WP_Post\" data-nav=\"{&quot;enabled&quot;:false,&quot;type&quot;:null,&quot;more_el&quot;:null,&quot;query&quot;:[],&quot;widget_settings&quot;:{&quot;lisitng_id&quot;:23165,&quot;posts_num&quot;:999,&quot;columns&quot;:3,&quot;columns_tablet&quot;:3,&quot;columns_mobile&quot;:1,&quot;column_min_width&quot;:240,&quot;column_min_width_tablet&quot;:240,&quot;column_min_width_mobile&quot;:240,&quot;inline_columns_css&quot;:false,&quot;is_archive_template&quot;:&quot;&quot;,&quot;post_status&quot;:[&quot;publish&quot;],&quot;use_random_posts_num&quot;:&quot;&quot;,&quot;max_posts_num&quot;:9,&quot;not_found_message&quot;:&quot;No data was found&quot;,&quot;is_masonry&quot;:false,&quot;equal_columns_height&quot;:&quot;yes&quot;,&quot;use_load_more&quot;:&quot;&quot;,&quot;load_more_id&quot;:&quot;&quot;,&quot;load_more_type&quot;:&quot;click&quot;,&quot;load_more_offset&quot;:null,&quot;use_custom_post_types&quot;:&quot;&quot;,&quot;custom_post_types&quot;:[],&quot;hide_widget_if&quot;:&quot;empty_query&quot;,&quot;carousel_enabled&quot;:&quot;&quot;,&quot;slides_to_scroll&quot;:&quot;1&quot;,&quot;arrows&quot;:&quot;true&quot;,&quot;arrow_icon&quot;:&quot;fa fa-angle-left&quot;,&quot;dots&quot;:&quot;&quot;,&quot;autoplay&quot;:&quot;true&quot;,&quot;pause_on_hover&quot;:&quot;true&quot;,&quot;autoplay_speed&quot;:5000,&quot;infinite&quot;:&quot;true&quot;,&quot;center_mode&quot;:&quot;&quot;,&quot;effect&quot;:&quot;slide&quot;,&quot;speed&quot;:500,&quot;inject_alternative_items&quot;:&quot;&quot;,&quot;injection_items&quot;:[],&quot;scroll_slider_enabled&quot;:&quot;&quot;,&quot;scroll_slider_on&quot;:[&quot;desktop&quot;,&quot;tablet&quot;,&quot;mobile&quot;],&quot;custom_query&quot;:false,&quot;custom_query_id&quot;:&quot;&quot;,&quot;_element_id&quot;:&quot;&quot;,&quot;collapse_first_last_gap&quot;:false,&quot;list_tag_selection&quot;:&quot;&quot;,&quot;list_items_wrapper_tag&quot;:&quot;div&quot;,&quot;list_item_tag&quot;:&quot;div&quot;,&quot;empty_items_wrapper_tag&quot;:&quot;div&quot;}}\" data-page=\"1\" data-pages=\"1\" data-listing-source=\"posts\" data-listing-id=\"23165\" data-query-id=\"\"><div class=\"jet-listing-grid__item jet-listing-dynamic-post-23226 jet-equal-columns elementor-dcss-18839097934831368\" data-post-id=\"23226\"  >\t\t<div data-elementor-type=\"jet-listing-items\" data-elementor-id=\"23165\" class=\"elementor elementor-23165 elementor-23160 elementor-23160\" data-elementor-settings=\"{&quot;ha_cmc_init_switcher&quot;:&quot;no&quot;}\" data-elementor-post-type=\"jet-engine\">\n\t\t\t\t<div class=\"elementor-element elementor-element-6f3fbe1 e-con-full e-flex e-con e-parent\" data-id=\"6f3fbe1\" data-element_type=\"container\" data-e-type=\"container\" data-settings=\"{&quot;_ha_eqh_enable&quot;:false}\">\n\t\t<div class=\"elementor-element elementor-element-89557f2 e-con-full e-flex e-con e-child\" data-id=\"89557f2\" data-element_type=\"container\" data-e-type=\"container\" data-settings=\"{&quot;_ha_eqh_enable&quot;:false}\">\n\t\t\t\t<div class=\"elementor-element elementor-element-f375c62 elementor-widget elementor-widget-image\" data-id=\"f375c62\" data-element_type=\"widget\" data-e-type=\"widget\" data-widget_type=\"image.default\">\n\t\t\t\t<div class=\"elementor-widget-container\">\n\t\t\t\t\t\t\t\t\t\t\t\t\t\t\t\t<a href=\"https:\/\/www.charterenibiza.com\/en\/venta\/karnic-702-sl-nautilus\/\">\n\t\t\t\t\t\t\t<img fetchpriority=\"high\" decoding=\"async\" width=\"800\" height=\"600\" src=\"https:\/\/www.charterenibiza.com\/wp-content\/uploads\/2024\/05\/1-1-1024x768.jpeg\" class=\"attachment-large size-large wp-image-4240\" alt=\"\" srcset=\"https:\/\/www.charterenibiza.com\/wp-content\/uploads\/2024\/05\/1-1-1024x768.jpeg 1024w, https:\/\/www.charterenibiza.com\/wp-content\/uploads\/2024\/05\/1-1-300x225.jpeg 300w, https:\/\/www.charterenibiza.com\/wp-content\/uploads\/2024\/05\/1-1-768x576.jpeg 768w, https:\/\/www.charterenibiza.com\/wp-content\/uploads\/2024\/05\/1-1.jpeg 1200w\" sizes=\"(max-width: 800px) 100vw, 800px\">\t\t\t\t\t\t\t\t<\/a>\n\t\t\t\t\t\t\t\t\t\t\t\t\t\t\t<\/div>\n\t\t\t\t<\/div>\n\t\t\t\t<div class=\"elementor-element elementor-element-b9e72b8 elementor-widget elementor-widget-heading\" data-id=\"b9e72b8\" data-element_type=\"widget\" data-e-type=\"widget\" data-widget_type=\"heading.default\">\n\t\t\t\t<div class=\"elementor-widget-container\">\n\t\t\t\t\t<span class=\"elementor-heading-title elementor-size-default\"><a href=\"https:\/\/www.charterenibiza.com\/en\/venta\/karnic-702-sl-nautilus\/\">Karnic 702 SL Nautilus<\/a><\/span>\t\t\t\t<\/div>\n\t\t\t\t<\/div>\n\t\t\t\t<div class=\"elementor-element elementor-element-e38cf69 elementor-widget elementor-widget-shortcode\" data-id=\"e38cf69\" data-element_type=\"widget\" data-e-type=\"widget\" data-widget_type=\"shortcode.default\">\n\t\t\t\t<div class=\"elementor-widget-container\">\n\t\t\t\t\t\t\t<div class=\"elementor-shortcode\"><\/div>\n\t\t\t\t\t\t<\/div>\n\t\t\t\t<\/div>\n\t\t\t\t<\/div>\n\t\t\t\t<\/div>\n\t\t\t\t<\/div>\n\t\t<\/div><div class=\"jet-listing-grid__item jet-listing-dynamic-post-23227 jet-equal-columns elementor-dcss-18839097944950476\" data-post-id=\"23227\"  >\t\t<div data-elementor-type=\"jet-listing-items\" data-elementor-id=\"23165\" class=\"elementor elementor-23165 elementor-23160 elementor-23160\" data-elementor-settings=\"{&quot;ha_cmc_init_switcher&quot;:&quot;no&quot;}\" data-elementor-post-type=\"jet-engine\">\n\t\t\t\t<div class=\"elementor-element elementor-element-6f3fbe1 e-con-full e-flex e-con e-parent\" data-id=\"6f3fbe1\" data-element_type=\"container\" data-e-type=\"container\" data-settings=\"{&quot;_ha_eqh_enable&quot;:false}\">\n\t\t<div class=\"elementor-element elementor-element-89557f2 e-con-full e-flex e-con e-child\" data-id=\"89557f2\" data-element_type=\"container\" data-e-type=\"container\" data-settings=\"{&quot;_ha_eqh_enable&quot;:false}\">\n\t\t\t\t<div class=\"elementor-element elementor-element-f375c62 elementor-widget elementor-widget-image\" data-id=\"f375c62\" data-element_type=\"widget\" data-e-type=\"widget\" data-widget_type=\"image.default\">\n\t\t\t\t<div class=\"elementor-widget-container\">\n\t\t\t\t\t\t\t\t\t\t\t\t\t\t\t\t<a href=\"https:\/\/www.charterenibiza.com\/en\/venta\/monterey-298-ss-karibu\/\">\n\t\t\t\t\t\t\t<img decoding=\"async\" width=\"800\" height=\"600\" src=\"https:\/\/www.charterenibiza.com\/wp-content\/uploads\/2024\/05\/10-MONTEREY-298-SS-2-1024x768.jpg\" class=\"attachment-large size-large wp-image-7832\" alt=\"\" srcset=\"https:\/\/www.charterenibiza.com\/wp-content\/uploads\/2024\/05\/10-MONTEREY-298-SS-2-1024x768.jpg 1024w, https:\/\/www.charterenibiza.com\/wp-content\/uploads\/2024\/05\/10-MONTEREY-298-SS-2-300x225.jpg 300w, https:\/\/www.charterenibiza.com\/wp-content\/uploads\/2024\/05\/10-MONTEREY-298-SS-2-768x576.jpg 768w, https:\/\/www.charterenibiza.com\/wp-content\/uploads\/2024\/05\/10-MONTEREY-298-SS-2.jpg 1200w\" sizes=\"(max-width: 800px) 100vw, 800px\">\t\t\t\t\t\t\t\t<\/a>\n\t\t\t\t\t\t\t\t\t\t\t\t\t\t\t<\/div>\n\t\t\t\t<\/div>\n\t\t\t\t<div class=\"elementor-element elementor-element-b9e72b8 elementor-widget elementor-widget-heading\" data-id=\"b9e72b8\" data-element_type=\"widget\" data-e-type=\"widget\" data-widget_type=\"heading.default\">\n\t\t\t\t<div class=\"elementor-widget-container\">\n\t\t\t\t\t<span class=\"elementor-heading-title elementor-size-default\"><a href=\"https:\/\/www.charterenibiza.com\/en\/venta\/monterey-298-ss-karibu\/\">Monterey 298 SS Karib\u00fa<\/a><\/span>\t\t\t\t<\/div>\n\t\t\t\t<\/div>\n\t\t\t\t<div class=\"elementor-element elementor-element-e38cf69 elementor-widget elementor-widget-shortcode\" data-id=\"e38cf69\" data-element_type=\"widget\" data-e-type=\"widget\" data-widget_type=\"shortcode.default\">\n\t\t\t\t<div class=\"elementor-widget-container\">\n\t\t\t\t\t\t\t<div class=\"elementor-shortcode\"><\/div>\n\t\t\t\t\t\t<\/div>\n\t\t\t\t<\/div>\n\t\t\t\t<\/div>\n\t\t\t\t<\/div>\n\t\t\t\t<\/div>\n\t\t<\/div><div class=\"jet-listing-grid__item jet-listing-dynamic-post-23228 jet-equal-columns elementor-dcss-18839097954245616\" data-post-id=\"23228\"  >\t\t<div data-elementor-type=\"jet-listing-items\" data-elementor-id=\"23165\" class=\"elementor elementor-23165 elementor-23160 elementor-23160\" data-elementor-settings=\"{&quot;ha_cmc_init_switcher&quot;:&quot;no&quot;}\" data-elementor-post-type=\"jet-engine\">\n\t\t\t\t<div class=\"elementor-element elementor-element-6f3fbe1 e-con-full e-flex e-con e-parent\" data-id=\"6f3fbe1\" data-element_type=\"container\" data-e-type=\"container\" data-settings=\"{&quot;_ha_eqh_enable&quot;:false}\">\n\t\t<div class=\"elementor-element elementor-element-89557f2 e-con-full e-flex e-con e-child\" data-id=\"89557f2\" data-element_type=\"container\" data-e-type=\"container\" data-settings=\"{&quot;_ha_eqh_enable&quot;:false}\">\n\t\t\t\t<div class=\"elementor-element elementor-element-f375c62 elementor-widget elementor-widget-image\" data-id=\"f375c62\" data-element_type=\"widget\" data-e-type=\"widget\" data-widget_type=\"image.default\">\n\t\t\t\t<div class=\"elementor-widget-container\">\n\t\t\t\t\t\t\t\t\t\t\t\t\t\t\t\t<a href=\"https:\/\/www.charterenibiza.com\/en\/venta\/sessa-key-largo-30-don-cuco\/\">\n\t\t\t\t\t\t\t<img decoding=\"async\" width=\"800\" height=\"595\" src=\"https:\/\/www.charterenibiza.com\/wp-content\/uploads\/2024\/05\/11-KEY-LARGO-30-negra-y-blanca-3.jpg\" class=\"attachment-large size-large wp-image-7890\" alt=\"\" srcset=\"https:\/\/www.charterenibiza.com\/wp-content\/uploads\/2024\/05\/11-KEY-LARGO-30-negra-y-blanca-3.jpg 1024w, https:\/\/www.charterenibiza.com\/wp-content\/uploads\/2024\/05\/11-KEY-LARGO-30-negra-y-blanca-3-300x223.jpg 300w, https:\/\/www.charterenibiza.com\/wp-content\/uploads\/2024\/05\/11-KEY-LARGO-30-negra-y-blanca-3-768x571.jpg 768w\" sizes=\"(max-width: 800px) 100vw, 800px\">\t\t\t\t\t\t\t\t<\/a>\n\t\t\t\t\t\t\t\t\t\t\t\t\t\t\t<\/div>\n\t\t\t\t<\/div>\n\t\t\t\t<div class=\"elementor-element elementor-element-b9e72b8 elementor-widget elementor-widget-heading\" data-id=\"b9e72b8\" data-element_type=\"widget\" data-e-type=\"widget\" data-widget_type=\"heading.default\">\n\t\t\t\t<div class=\"elementor-widget-container\">\n\t\t\t\t\t<span class=\"elementor-heading-title elementor-size-default\"><a href=\"https:\/\/www.charterenibiza.com\/en\/venta\/sessa-key-largo-30-don-cuco\/\">Sessa Key Largo 30 Don Cuco<\/a><\/span>\t\t\t\t<\/div>\n\t\t\t\t<\/div>\n\t\t\t\t<div class=\"elementor-element elementor-element-e38cf69 elementor-widget elementor-widget-shortcode\" data-id=\"e38cf69\" data-element_type=\"widget\" data-e-type=\"widget\" data-widget_type=\"shortcode.default\">\n\t\t\t\t<div class=\"elementor-widget-container\">\n\t\t\t\t\t\t\t<div class=\"elementor-shortcode\"><\/div>\n\t\t\t\t\t\t<\/div>\n\t\t\t\t<\/div>\n\t\t\t\t<\/div>\n\t\t\t\t<\/div>\n\t\t\t\t<\/div>\n\t\t<\/div><div class=\"jet-listing-grid__item jet-listing-dynamic-post-23229 jet-equal-columns elementor-dcss-18839097963750396\" data-post-id=\"23229\"  >\t\t<div data-elementor-type=\"jet-listing-items\" data-elementor-id=\"23165\" class=\"elementor elementor-23165 elementor-23160 elementor-23160\" data-elementor-settings=\"{&quot;ha_cmc_init_switcher&quot;:&quot;no&quot;}\" data-elementor-post-type=\"jet-engine\">\n\t\t\t\t<div class=\"elementor-element elementor-element-6f3fbe1 e-con-full e-flex e-con e-parent\" data-id=\"6f3fbe1\" data-element_type=\"container\" data-e-type=\"container\" data-settings=\"{&quot;_ha_eqh_enable&quot;:false}\">\n\t\t<div class=\"elementor-element elementor-element-89557f2 e-con-full e-flex e-con e-child\" data-id=\"89557f2\" data-element_type=\"container\" data-e-type=\"container\" data-settings=\"{&quot;_ha_eqh_enable&quot;:false}\">\n\t\t\t\t<div class=\"elementor-element elementor-element-f375c62 elementor-widget elementor-widget-image\" data-id=\"f375c62\" data-element_type=\"widget\" data-e-type=\"widget\" data-widget_type=\"image.default\">\n\t\t\t\t<div class=\"elementor-widget-container\">\n\t\t\t\t\t\t\t\t\t\t\t\t\t\t\t\t<a href=\"https:\/\/www.charterenibiza.com\/en\/venta\/lancha-sessa-key-largo-30-goa-5\/\">\n\t\t\t\t\t\t\t<img loading=\"lazy\" decoding=\"async\" width=\"800\" height=\"450\" src=\"https:\/\/www.charterenibiza.com\/wp-content\/uploads\/2024\/05\/IMG_4004-1024x576.jpg\" class=\"attachment-large size-large wp-image-1406\" alt=\"\" srcset=\"https:\/\/www.charterenibiza.com\/wp-content\/uploads\/2024\/05\/IMG_4004-1024x576.jpg 1024w, https:\/\/www.charterenibiza.com\/wp-content\/uploads\/2024\/05\/IMG_4004-300x169.jpg 300w, https:\/\/www.charterenibiza.com\/wp-content\/uploads\/2024\/05\/IMG_4004-768x432.jpg 768w, https:\/\/www.charterenibiza.com\/wp-content\/uploads\/2024\/05\/IMG_4004.jpg 1200w\" sizes=\"(max-width: 800px) 100vw, 800px\">\t\t\t\t\t\t\t\t<\/a>\n\t\t\t\t\t\t\t\t\t\t\t\t\t\t\t<\/div>\n\t\t\t\t<\/div>\n\t\t\t\t<div class=\"elementor-element elementor-element-b9e72b8 elementor-widget elementor-widget-heading\" data-id=\"b9e72b8\" data-element_type=\"widget\" data-e-type=\"widget\" data-widget_type=\"heading.default\">\n\t\t\t\t<div class=\"elementor-widget-container\">\n\t\t\t\t\t<span class=\"elementor-heading-title elementor-size-default\"><a href=\"https:\/\/www.charterenibiza.com\/en\/venta\/lancha-sessa-key-largo-30-goa-5\/\">Lancha Sessa Key Largo 30 Goa 5<\/a><\/span>\t\t\t\t<\/div>\n\t\t\t\t<\/div>\n\t\t\t\t<div class=\"elementor-element elementor-element-e38cf69 elementor-widget elementor-widget-shortcode\" data-id=\"e38cf69\" data-element_type=\"widget\" data-e-type=\"widget\" data-widget_type=\"shortcode.default\">\n\t\t\t\t<div class=\"elementor-widget-container\">\n\t\t\t\t\t\t\t<div class=\"elementor-shortcode\"><\/div>\n\t\t\t\t\t\t<\/div>\n\t\t\t\t<\/div>\n\t\t\t\t<\/div>\n\t\t\t\t<\/div>\n\t\t\t\t<\/div>\n\t\t<\/div><div class=\"jet-listing-grid__item jet-listing-dynamic-post-23230 jet-equal-columns elementor-dcss-18839097973070640\" data-post-id=\"23230\"  >\t\t<div data-elementor-type=\"jet-listing-items\" data-elementor-id=\"23165\" class=\"elementor elementor-23165 elementor-23160 elementor-23160\" data-elementor-settings=\"{&quot;ha_cmc_init_switcher&quot;:&quot;no&quot;}\" data-elementor-post-type=\"jet-engine\">\n\t\t\t\t<div class=\"elementor-element elementor-element-6f3fbe1 e-con-full e-flex e-con e-parent\" data-id=\"6f3fbe1\" data-element_type=\"container\" data-e-type=\"container\" data-settings=\"{&quot;_ha_eqh_enable&quot;:false}\">\n\t\t<div class=\"elementor-element elementor-element-89557f2 e-con-full e-flex e-con e-child\" data-id=\"89557f2\" data-element_type=\"container\" data-e-type=\"container\" data-settings=\"{&quot;_ha_eqh_enable&quot;:false}\">\n\t\t\t\t<div class=\"elementor-element elementor-element-f375c62 elementor-widget elementor-widget-image\" data-id=\"f375c62\" data-element_type=\"widget\" data-e-type=\"widget\" data-widget_type=\"image.default\">\n\t\t\t\t<div class=\"elementor-widget-container\">\n\t\t\t\t\t\t\t\t\t\t\t\t\t\t\t\t<a href=\"https:\/\/www.charterenibiza.com\/en\/venta\/pershing-43-nina\/\">\n\t\t\t\t\t\t\t<img loading=\"lazy\" decoding=\"async\" width=\"800\" height=\"600\" src=\"https:\/\/www.charterenibiza.com\/wp-content\/uploads\/2024\/05\/4-FJORD-41XL-OPEN-15-1024x768.jpg\" class=\"attachment-large size-large wp-image-4406\" alt=\"\" srcset=\"https:\/\/www.charterenibiza.com\/wp-content\/uploads\/2024\/05\/4-FJORD-41XL-OPEN-15-1024x768.jpg 1024w, https:\/\/www.charterenibiza.com\/wp-content\/uploads\/2024\/05\/4-FJORD-41XL-OPEN-15-300x225.jpg 300w, https:\/\/www.charterenibiza.com\/wp-content\/uploads\/2024\/05\/4-FJORD-41XL-OPEN-15-768x576.jpg 768w, https:\/\/www.charterenibiza.com\/wp-content\/uploads\/2024\/05\/4-FJORD-41XL-OPEN-15.jpg 1200w\" sizes=\"(max-width: 800px) 100vw, 800px\">\t\t\t\t\t\t\t\t<\/a>\n\t\t\t\t\t\t\t\t\t\t\t\t\t\t\t<\/div>\n\t\t\t\t<\/div>\n\t\t\t\t<div class=\"elementor-element elementor-element-b9e72b8 elementor-widget elementor-widget-heading\" data-id=\"b9e72b8\" data-element_type=\"widget\" data-e-type=\"widget\" data-widget_type=\"heading.default\">\n\t\t\t\t<div class=\"elementor-widget-container\">\n\t\t\t\t\t<span class=\"elementor-heading-title elementor-size-default\"><a href=\"https:\/\/www.charterenibiza.com\/en\/venta\/pershing-43-nina\/\">Pershing 43 NINA<\/a><\/span>\t\t\t\t<\/div>\n\t\t\t\t<\/div>\n\t\t\t\t<div class=\"elementor-element elementor-element-e38cf69 elementor-widget elementor-widget-shortcode\" data-id=\"e38cf69\" data-element_type=\"widget\" data-e-type=\"widget\" data-widget_type=\"shortcode.default\">\n\t\t\t\t<div class=\"elementor-widget-container\">\n\t\t\t\t\t\t\t<div class=\"elementor-shortcode\"><\/div>\n\t\t\t\t\t\t<\/div>\n\t\t\t\t<\/div>\n\t\t\t\t<\/div>\n\t\t\t\t<\/div>\n\t\t\t\t<\/div>\n\t\t<\/div><div class=\"jet-listing-grid__item jet-listing-dynamic-post-23231 jet-equal-columns elementor-dcss-18839097982424288\" data-post-id=\"23231\"  >\t\t<div data-elementor-type=\"jet-listing-items\" data-elementor-id=\"23165\" class=\"elementor elementor-23165 elementor-23160 elementor-23160\" data-elementor-settings=\"{&quot;ha_cmc_init_switcher&quot;:&quot;no&quot;}\" data-elementor-post-type=\"jet-engine\">\n\t\t\t\t<div class=\"elementor-element elementor-element-6f3fbe1 e-con-full e-flex e-con e-parent\" data-id=\"6f3fbe1\" data-element_type=\"container\" data-e-type=\"container\" data-settings=\"{&quot;_ha_eqh_enable&quot;:false}\">\n\t\t<div class=\"elementor-element elementor-element-89557f2 e-con-full e-flex e-con e-child\" data-id=\"89557f2\" data-element_type=\"container\" data-e-type=\"container\" data-settings=\"{&quot;_ha_eqh_enable&quot;:false}\">\n\t\t\t\t<div class=\"elementor-element elementor-element-f375c62 elementor-widget elementor-widget-image\" data-id=\"f375c62\" data-element_type=\"widget\" data-e-type=\"widget\" data-widget_type=\"image.default\">\n\t\t\t\t<div class=\"elementor-widget-container\">\n\t\t\t\t\t\t\t\t\t\t\t\t\t\t\t\t<a href=\"https:\/\/www.charterenibiza.com\/en\/venta\/cranchi-41-new-cristina\/\">\n\t\t\t\t\t\t\t<img loading=\"lazy\" decoding=\"async\" width=\"800\" height=\"600\" src=\"https:\/\/www.charterenibiza.com\/wp-content\/uploads\/2024\/05\/Cranchi_41_14-1024x768.jpg\" class=\"attachment-large size-large wp-image-1452\" alt=\"\" srcset=\"https:\/\/www.charterenibiza.com\/wp-content\/uploads\/2024\/05\/Cranchi_41_14-1024x768.jpg 1024w, https:\/\/www.charterenibiza.com\/wp-content\/uploads\/2024\/05\/Cranchi_41_14-300x225.jpg 300w, https:\/\/www.charterenibiza.com\/wp-content\/uploads\/2024\/05\/Cranchi_41_14-768x576.jpg 768w, https:\/\/www.charterenibiza.com\/wp-content\/uploads\/2024\/05\/Cranchi_41_14.jpg 1200w\" sizes=\"(max-width: 800px) 100vw, 800px\">\t\t\t\t\t\t\t\t<\/a>\n\t\t\t\t\t\t\t\t\t\t\t\t\t\t\t<\/div>\n\t\t\t\t<\/div>\n\t\t\t\t<div class=\"elementor-element elementor-element-b9e72b8 elementor-widget elementor-widget-heading\" data-id=\"b9e72b8\" data-element_type=\"widget\" data-e-type=\"widget\" data-widget_type=\"heading.default\">\n\t\t\t\t<div class=\"elementor-widget-container\">\n\t\t\t\t\t<span class=\"elementor-heading-title elementor-size-default\"><a href=\"https:\/\/www.charterenibiza.com\/en\/venta\/cranchi-41-new-cristina\/\">Cranchi 41 New Cristina<\/a><\/span>\t\t\t\t<\/div>\n\t\t\t\t<\/div>\n\t\t\t\t<div class=\"elementor-element elementor-element-e38cf69 elementor-widget elementor-widget-shortcode\" data-id=\"e38cf69\" data-element_type=\"widget\" data-e-type=\"widget\" data-widget_type=\"shortcode.default\">\n\t\t\t\t<div class=\"elementor-widget-container\">\n\t\t\t\t\t\t\t<div class=\"elementor-shortcode\"><\/div>\n\t\t\t\t\t\t<\/div>\n\t\t\t\t<\/div>\n\t\t\t\t<\/div>\n\t\t\t\t<\/div>\n\t\t\t\t<\/div>\n\t\t<\/div><div class=\"jet-listing-grid__item jet-listing-dynamic-post-23232 jet-equal-columns elementor-dcss-18839097991664772\" data-post-id=\"23232\"  >\t\t<div data-elementor-type=\"jet-listing-items\" data-elementor-id=\"23165\" class=\"elementor elementor-23165 elementor-23160 elementor-23160\" data-elementor-settings=\"{&quot;ha_cmc_init_switcher&quot;:&quot;no&quot;}\" data-elementor-post-type=\"jet-engine\">\n\t\t\t\t<div class=\"elementor-element elementor-element-6f3fbe1 e-con-full e-flex e-con e-parent\" data-id=\"6f3fbe1\" data-element_type=\"container\" data-e-type=\"container\" data-settings=\"{&quot;_ha_eqh_enable&quot;:false}\">\n\t\t<div class=\"elementor-element elementor-element-89557f2 e-con-full e-flex e-con e-child\" data-id=\"89557f2\" data-element_type=\"container\" data-e-type=\"container\" data-settings=\"{&quot;_ha_eqh_enable&quot;:false}\">\n\t\t\t\t<div class=\"elementor-element elementor-element-f375c62 elementor-widget elementor-widget-image\" data-id=\"f375c62\" data-element_type=\"widget\" data-e-type=\"widget\" data-widget_type=\"image.default\">\n\t\t\t\t<div class=\"elementor-widget-container\">\n\t\t\t\t\t\t\t\t\t\t\t\t\t\t\t\t<a href=\"https:\/\/www.charterenibiza.com\/en\/venta\/focus-forza-40-hug\/\">\n\t\t\t\t\t\t\t<img loading=\"lazy\" decoding=\"async\" width=\"800\" height=\"450\" src=\"https:\/\/www.charterenibiza.com\/wp-content\/uploads\/2024\/05\/7-FOCUS-FORZA-1.jpg\" class=\"attachment-large size-large wp-image-7994\" alt=\"\" srcset=\"https:\/\/www.charterenibiza.com\/wp-content\/uploads\/2024\/05\/7-FOCUS-FORZA-1.jpg 1024w, https:\/\/www.charterenibiza.com\/wp-content\/uploads\/2024\/05\/7-FOCUS-FORZA-1-300x169.jpg 300w, https:\/\/www.charterenibiza.com\/wp-content\/uploads\/2024\/05\/7-FOCUS-FORZA-1-768x432.jpg 768w\" sizes=\"(max-width: 800px) 100vw, 800px\">\t\t\t\t\t\t\t\t<\/a>\n\t\t\t\t\t\t\t\t\t\t\t\t\t\t\t<\/div>\n\t\t\t\t<\/div>\n\t\t\t\t<div class=\"elementor-element elementor-element-b9e72b8 elementor-widget elementor-widget-heading\" data-id=\"b9e72b8\" data-element_type=\"widget\" data-e-type=\"widget\" data-widget_type=\"heading.default\">\n\t\t\t\t<div class=\"elementor-widget-container\">\n\t\t\t\t\t<span class=\"elementor-heading-title elementor-size-default\"><a href=\"https:\/\/www.charterenibiza.com\/en\/venta\/focus-forza-40-hug\/\">Focus Forza 40 HUG<\/a><\/span>\t\t\t\t<\/div>\n\t\t\t\t<\/div>\n\t\t\t\t<div class=\"elementor-element elementor-element-e38cf69 elementor-widget elementor-widget-shortcode\" data-id=\"e38cf69\" data-element_type=\"widget\" data-e-type=\"widget\" data-widget_type=\"shortcode.default\">\n\t\t\t\t<div class=\"elementor-widget-container\">\n\t\t\t\t\t\t\t<div class=\"elementor-shortcode\"><\/div>\n\t\t\t\t\t\t<\/div>\n\t\t\t\t<\/div>\n\t\t\t\t<\/div>\n\t\t\t\t<\/div>\n\t\t\t\t<\/div>\n\t\t<\/div><\/div><\/div>\t\t\t\t<\/div>\n\t\t\t\t<\/div>\n\t\t\t\t\t<\/div>\n\t\t\t\t<\/div>\n\t\t\t\t<\/div>\n\t\t","protected":false},"excerpt":{"rendered":"<p>Portada El alquiler de lanchas neum\u00e1ticas en Ibiza y Formentera es una excelente opci\u00f3n si deseas navegar y explorar cada rinc\u00f3n de estas islas. Te permitir\u00e1 descubrir lugares ocultos y sorprendentes, sin renunciar al lujo y la comodidad. Es una alternativa ideal para grupos, garantizando seguridad y confort. Con el alquiler de barcos en Ibiza, [&hellip;]<\/p>\n","protected":false},"author":1,"featured_media":0,"parent":0,"menu_order":0,"comment_status":"closed","ping_status":"closed","template":"","meta":{"_acf_changed":false,"_joinchat":[],"footnotes":""},"class_list":["post-23167","page","type-page","status-publish","hentry"],"acf":[],"_links":{"self":[{"href":"https:\/\/www.charterenibiza.com\/en\/wp-json\/wp\/v2\/pages\/23167","targetHints":{"allow":["GET"]}}],"collection":[{"href":"https:\/\/www.charterenibiza.com\/en\/wp-json\/wp\/v2\/pages"}],"about":[{"href":"https:\/\/www.charterenibiza.com\/en\/wp-json\/wp\/v2\/types\/page"}],"author":[{"embeddable":true,"href":"https:\/\/www.charterenibiza.com\/en\/wp-json\/wp\/v2\/users\/1"}],"replies":[{"embeddable":true,"href":"https:\/\/www.charterenibiza.com\/en\/wp-json\/wp\/v2\/comments?post=23167"}],"version-history":[{"count":0,"href":"https:\/\/www.charterenibiza.com\/en\/wp-json\/wp\/v2\/pages\/23167\/revisions"}],"wp:attachment":[{"href":"https:\/\/www.charterenibiza.com\/en\/wp-json\/wp\/v2\/media?parent=23167"}],"curies":[{"name":"wp","href":"https:\/\/api.w.org\/{rel}","templated":true}]}}