{"id":20967,"date":"2024-07-09T11:15:56","date_gmt":"2024-07-09T09:15:56","guid":{"rendered":"https:\/\/www.charterenibiza.com\/gulets-for-rent-in-ibiza\/"},"modified":"2025-07-18T12:43:35","modified_gmt":"2025-07-18T10:43:35","slug":"gulet","status":"publish","type":"page","link":"https:\/\/www.charterenibiza.com\/en\/rent-boat-ibiza\/gulet\/","title":{"rendered":"Gulet Rental"},"content":{"rendered":"\t\t<div data-elementor-type=\"wp-page\" data-elementor-id=\"20967\" class=\"elementor elementor-20967 elementor-19349\" data-elementor-settings=\"{&quot;ha_cmc_init_switcher&quot;:&quot;no&quot;}\" data-elementor-post-type=\"page\">\n\t\t\t\t<div class=\"elementor-element elementor-element-5451ebaf e-flex e-con-boxed e-con e-parent\" data-id=\"5451ebaf\" data-element_type=\"container\" data-e-type=\"container\" data-settings=\"{&quot;background_background&quot;:&quot;classic&quot;,&quot;_ha_eqh_enable&quot;:false}\">\n\t\t\t\t\t<div class=\"e-con-inner\">\n\t\t\t\t<div class=\"elementor-element elementor-element-556634fb elementor-widget elementor-widget-heading\" data-id=\"556634fb\" data-element_type=\"widget\" data-e-type=\"widget\" data-widget_type=\"heading.default\">\n\t\t\t\t<div class=\"elementor-widget-container\">\n\t\t\t\t\t<h1 class=\"elementor-heading-title elementor-size-default\">Gulet Rental<\/h1>\t\t\t\t<\/div>\n\t\t\t\t<\/div>\n\t\t\t\t<div class=\"elementor-element elementor-element-57833d6a elementor-align-right elementor-widget elementor-widget-breadcrumbs\" data-id=\"57833d6a\" data-element_type=\"widget\" data-e-type=\"widget\" data-widget_type=\"breadcrumbs.default\">\n\t\t\t\t<div class=\"elementor-widget-container\">\n\t\t\t\t\t<nav aria-label=\"breadcrumbs\" class=\"rank-math-breadcrumb\"><p><span class=\"last\">Portada<\/span><\/p><\/nav>\t\t\t\t<\/div>\n\t\t\t\t<\/div>\n\t\t\t\t\t<\/div>\n\t\t\t\t<\/div>\n\t\t<div class=\"elementor-element elementor-element-233ea28 e-flex e-con-boxed e-con e-parent\" data-id=\"233ea28\" data-element_type=\"container\" data-e-type=\"container\" data-settings=\"{&quot;_ha_eqh_enable&quot;:false}\">\n\t\t\t\t\t<div class=\"e-con-inner\">\n\t\t\t\t<div class=\"elementor-element elementor-element-5fcf244 elementor-widget elementor-widget-text-editor\" data-id=\"5fcf244\" data-element_type=\"widget\" data-e-type=\"widget\" data-widget_type=\"text-editor.default\">\n\t\t\t\t<div class=\"elementor-widget-container\">\n\t\t\t\t\t\t\t\t\t<p>Our\u00a0<strong>Gulet Charter services in Ibiza<\/strong>\u00a0is an exceptional option to enjoy your holiday. It is a boat that turns sailing into a celebration at sea, where you can explore and relax.<\/p>\t\t\t\t\t\t\t\t<\/div>\n\t\t\t\t<\/div>\n\t\t\t\t\t<\/div>\n\t\t\t\t<\/div>\n\t\t<div class=\"elementor-element elementor-element-46a52249 e-flex e-con-boxed e-con e-parent\" data-id=\"46a52249\" data-element_type=\"container\" data-e-type=\"container\" data-settings=\"{&quot;_ha_eqh_enable&quot;:false}\">\n\t\t\t\t\t<div class=\"e-con-inner\">\n\t\t\t\t<div class=\"elementor-element elementor-element-630c44eb elementor-widget__width-inherit elementor-widget elementor-widget-heading\" data-id=\"630c44eb\" data-element_type=\"widget\" data-e-type=\"widget\" data-widget_type=\"heading.default\">\n\t\t\t\t<div class=\"elementor-widget-container\">\n\t\t\t\t\t<h2 class=\"elementor-heading-title elementor-size-default\">Gulet rental in Ibiza<\/h2>\t\t\t\t<\/div>\n\t\t\t\t<\/div>\n\t\t\t\t<div class=\"elementor-element elementor-element-61872c1a elementor-widget elementor-widget-text-editor\" data-id=\"61872c1a\" data-element_type=\"widget\" data-e-type=\"widget\" data-widget_type=\"text-editor.default\">\n\t\t\t\t<div class=\"elementor-widget-container\">\n\t\t\t\t\t\t\t\t\t<p>The Gulet Rental option in Ibiza is designed for lovers of classic boats, sailing vessels with two or more masts, built in wood. Her large length and very wide beam ensure much more space to enjoy and more comfort. Charter en Ibiza, experts in\u00a0<a href=\"\/en\/rent-boat-ibiza\/\"><strong>boat rentals in Ibiza<\/strong><\/a>.<\/p>\t\t\t\t\t\t\t\t<\/div>\n\t\t\t\t<\/div>\n\t\t\t\t<div class=\"elementor-element elementor-element-745552b8 elementor-widget__width-inherit elementor-widget elementor-widget-heading\" data-id=\"745552b8\" data-element_type=\"widget\" data-e-type=\"widget\" data-widget_type=\"heading.default\">\n\t\t\t\t<div class=\"elementor-widget-container\">\n\t\t\t\t\t<h2 class=\"elementor-heading-title elementor-size-default\">Holidays on a classic wooden schooner in Ibiza<\/h2>\t\t\t\t<\/div>\n\t\t\t\t<\/div>\n\t\t\t\t<div class=\"elementor-element elementor-element-5d50af60 elementor-widget elementor-widget-text-editor\" data-id=\"5d50af60\" data-element_type=\"widget\" data-e-type=\"widget\" data-widget_type=\"text-editor.default\">\n\t\t\t\t<div class=\"elementor-widget-container\">\n\t\t\t\t\t\t\t\t\t<p>A schooner is a dream boat, built in wood, they have a classic beauty, with stable and safe navigation, designed from the beginning to travel long distances. Enjoying the sea as you had never imagined, in a classic and elegant way with\u00a0<a href=\"\/en\/\"><strong>Charter en Ibiza<\/strong><\/a>.<\/p><p>Along with sailboat rentals, gulet rentals are preferred for a very specific type of client. It is about those who like the classic boat, the ceremony that comes with sailing with sails and aboard true sailing gems. These ships usually have two or more masts that give them a stately and majestic character. The same goes for its huge sails, another of its most attractive features. With the presence of exposed wood in the hull and deck, the schooners also preserve the classic style in their interior design.<\/p><p>What better cruise ship than a schooner to tour the Balearic Islands or undertake a voyage through the Mediterranean. We have already highlighted the potential of the classic look of these boats. Without a doubt, they are the best choice if what you are looking for is to experience first-hand the sensations of a true sailor.<\/p><p>Its great length, most of them more than 20 meters, and its wide beam give it great habitability. Its deck offers a large solarium space where several people can lie down and sunbathe at the same time, as well as an outdoor dining area with large tables to accommodate many diners at the same time. This same length in a motor yacht could be equivalent to several times its rental price, making it a large, high-capacity and economical style of boat at the same time.<\/p>\t\t\t\t\t\t\t\t<\/div>\n\t\t\t\t<\/div>\n\t\t\t\t<div class=\"elementor-element elementor-element-d539a2b elementor-widget elementor-widget-text-editor\" data-id=\"d539a2b\" data-element_type=\"widget\" data-e-type=\"widget\" data-widget_type=\"text-editor.default\">\n\t\t\t\t<div class=\"elementor-widget-container\">\n\t\t\t\t\t\t\t\t\t<h2>Discover the Beauty of the Mediterranean Sea<\/h2>\n<p>Embark on an unforgettable journey with our stunning gulet boat rental in Ibiza. Experience the exquisite beauty of crystal-clear waters, secluded coves, and breathtaking coastal views that will create memories to last a lifetime. Nothing beats the charm of sailing in a traditional gulet, surrounded by the captivating scenery of Mediterranean paradise.<\/p>\n<p>Our gulet is fully equipped to ensure your comfort and enjoyment throughout your voyage. Indulge in freshly prepared meals by our professional crew while you relax on the deck, soaking up the sun and enjoying the gentle sea breeze. Whether you seek adventure or relaxation, our gulet perfectly caters to your desires.<\/p>\n<p>Don&#8217;t miss out on the opportunity to explore the picturesque beaches and hidden gems of Ibiza. Reserve your gulet today and enjoy exclusive access to some of the most stunning locations in the region. Check out our <a href=\"https:\/\/www.charterenibiza.com\/en\/rent-boat-ibiza\/megayacht-charter-ibiza\/\">luxury yacht rentals<\/a> for a truly lavish experience or visit our <a href=\"https:\/\/www.charterenibiza.com\/en\/rent-boat-ibiza\/catamaran-rental\/\">catamaran options<\/a> for a fun-filled day on the water!<\/p>\n\t\t\t\t\t\t\t\t<\/div>\n\t\t\t\t<\/div>\n\t\t\t\t\t<\/div>\n\t\t\t\t<\/div>\n\t\t<div class=\"elementor-element elementor-element-2ff04f2 e-con-full e-flex e-con e-parent\" data-id=\"2ff04f2\" data-element_type=\"container\" data-e-type=\"container\" data-settings=\"{&quot;_ha_eqh_enable&quot;:false}\">\n\t\t\t\t<div class=\"elementor-element elementor-element-c1b87e6 elementor-widget elementor-widget-template\" data-id=\"c1b87e6\" data-element_type=\"widget\" data-e-type=\"widget\" data-widget_type=\"template.default\">\n\t\t\t\t<div class=\"elementor-widget-container\">\n\t\t\t\t\t\t\t<div class=\"elementor-template\">\n\t\t\t\t\t<div data-elementor-type=\"section\" data-elementor-id=\"21959\" class=\"elementor elementor-21959 elementor-21937 elementor-21937\" data-elementor-settings=\"{&quot;ha_cmc_init_switcher&quot;:&quot;no&quot;}\" data-elementor-post-type=\"elementor_library\">\n\t\t\t<div class=\"elementor-element elementor-element-819f720 e-flex e-con-boxed e-con e-parent\" data-id=\"819f720\" data-element_type=\"container\" data-e-type=\"container\" data-settings=\"{&quot;background_background&quot;:&quot;classic&quot;,&quot;_ha_eqh_enable&quot;:false}\">\n\t\t\t\t\t<div class=\"e-con-inner\">\n\t\t\t\t<div class=\"elementor-element elementor-element-6058483 elementor-widget__width-inherit elementor-widget elementor-widget-heading\" data-id=\"6058483\" data-element_type=\"widget\" data-e-type=\"widget\" data-widget_type=\"heading.default\">\n\t\t\t\t<div class=\"elementor-widget-container\">\n\t\t\t\t\t<span class=\"elementor-heading-title elementor-size-default\">Contact Us: Your Dream Holiday Starts Here<\/span>\t\t\t\t<\/div>\n\t\t\t\t<\/div>\n\t\t\t\t<div class=\"elementor-element elementor-element-7d7d093 elementor-widget elementor-widget-text-editor\" data-id=\"7d7d093\" data-element_type=\"widget\" data-e-type=\"widget\" data-widget_type=\"text-editor.default\">\n\t\t\t\t<div class=\"elementor-widget-container\">\n\t\t\t\t\t\t\t\t\t<p>At\u00a0<strong>Charter en Ibiza<\/strong>, we are here to help you with all your requests. If you want a boat for a getaway, holiday or event, just fill in this form. We will give you all the details you need to make your charter perfect.<\/p>\t\t\t\t\t\t\t\t<\/div>\n\t\t\t\t<\/div>\n\t\t<div class=\"elementor-element elementor-element-26da607 e-con-full e-flex e-con e-child\" data-id=\"26da607\" data-element_type=\"container\" data-e-type=\"container\" data-settings=\"{&quot;_ha_eqh_enable&quot;:false}\">\n\t\t\t\t<div class=\"elementor-element elementor-element-83e601b elementor-button-align-end elementor-widget__width-initial elementor-widget-mobile__width-inherit elementor-widget elementor-widget-form\" data-id=\"83e601b\" data-element_type=\"widget\" data-e-type=\"widget\" data-settings=\"{&quot;step_next_label&quot;:&quot;Siguiente&quot;,&quot;step_previous_label&quot;:&quot;Anterior&quot;,&quot;button_width&quot;:&quot;100&quot;,&quot;step_type&quot;:&quot;number_text&quot;,&quot;step_icon_shape&quot;:&quot;circle&quot;}\" data-widget_type=\"form.default\">\n\t\t\t\t<div class=\"elementor-widget-container\">\n\t\t\t\t\t\t\t<form class=\"elementor-form\" method=\"post\" name=\"home\" aria-label=\"home\">\n\t\t\t<input type=\"hidden\" name=\"post_id\" value=\"21959\"\/>\n\t\t\t<input type=\"hidden\" name=\"form_id\" value=\"83e601b\"\/>\n\t\t\t<input type=\"hidden\" name=\"referer_title\" value=\"Alquiler de Inflatable Boats without skipper en Ibiza | Charter en Ibiza\" \/>\n\n\t\t\t\n\t\t\t<div class=\"elementor-form-fields-wrapper elementor-labels-above\">\n\t\t\t\t\t\t\t\t<div class=\"elementor-field-type-text elementor-field-group elementor-column elementor-field-group-name elementor-col-33 elementor-field-required\">\n\t\t\t\t\t\t\t\t\t\t\t\t<label for=\"form-field-name\" class=\"elementor-field-label\">\n\t\t\t\t\t\t\t\tName and Surname (required)\t\t\t\t\t\t\t<\/label>\n\t\t\t\t\t\t\t\t\t\t\t\t\t\t<input size=\"1\" type=\"text\" name=\"form_fields[name]\" id=\"form-field-name\" class=\"elementor-field elementor-size-xs  elementor-field-textual\" required=\"required\">\n\t\t\t\t\t\t\t\t\t\t\t<\/div>\n\t\t\t\t\t\t\t\t<div class=\"elementor-field-type-tel elementor-field-group elementor-column elementor-field-group-field_dae6361 elementor-col-33 elementor-field-required\">\n\t\t\t\t\t\t\t\t\t\t\t\t<label for=\"form-field-field_dae6361\" class=\"elementor-field-label\">\n\t\t\t\t\t\t\t\tTelephone (required)\t\t\t\t\t\t\t<\/label>\n\t\t\t\t\t\t\t\t<input size=\"1\" type=\"tel\" name=\"form_fields[field_dae6361]\" id=\"form-field-field_dae6361\" class=\"elementor-field elementor-size-xs  elementor-field-textual\" required=\"required\" pattern=\"[0-9()#&amp;+*-=.]+\" title=\"Only numbers and phone characters (#, -, *, etc) are accepted.\">\n\n\t\t\t\t\t\t<\/div>\n\t\t\t\t\t\t\t\t<div class=\"elementor-field-type-email elementor-field-group elementor-column elementor-field-group-field_ee49928 elementor-col-33 elementor-field-required\">\n\t\t\t\t\t\t\t\t\t\t\t\t<label for=\"form-field-field_ee49928\" class=\"elementor-field-label\">\n\t\t\t\t\t\t\t\tE-mail (required)\t\t\t\t\t\t\t<\/label>\n\t\t\t\t\t\t\t\t\t\t\t\t\t\t<input size=\"1\" type=\"email\" name=\"form_fields[field_ee49928]\" id=\"form-field-field_ee49928\" class=\"elementor-field elementor-size-xs  elementor-field-textual\" required=\"required\">\n\t\t\t\t\t\t\t\t\t\t\t<\/div>\n\t\t\t\t\t\t\t\t<div class=\"elementor-field-type-number elementor-field-group elementor-column elementor-field-group-email elementor-col-20 elementor-field-required\">\n\t\t\t\t\t\t\t\t\t\t\t\t<label for=\"form-field-email\" class=\"elementor-field-label\">\n\t\t\t\t\t\t\t\tN. people (required)\t\t\t\t\t\t\t<\/label>\n\t\t\t\t\t\t\t\t\t<input type=\"number\" name=\"form_fields[email]\" id=\"form-field-email\" class=\"elementor-field elementor-size-xs  elementor-field-textual\" required=\"required\" min=\"\" max=\"\" >\n\t\t\t\t\t\t<\/div>\n\t\t\t\t\t\t\t\t<div class=\"elementor-field-type-select elementor-field-group elementor-column elementor-field-group-message elementor-col-20\">\n\t\t\t\t\t\t\t\t\t\t\t\t<label for=\"form-field-message\" class=\"elementor-field-label\">\n\t\t\t\t\t\t\t\tBoat category\t\t\t\t\t\t\t<\/label>\n\t\t\t\t\t\t\t\t<div class=\"elementor-field elementor-select-wrapper remove-before \">\n\t\t\t<div class=\"select-caret-down-wrapper\">\n\t\t\t\t<svg aria-hidden=\"true\" class=\"e-font-icon-svg e-eicon-caret-down\" viewBox=\"0 0 571.4 571.4\" xmlns=\"http:\/\/www.w3.org\/2000\/svg\"><path d=\"M571 393Q571 407 561 418L311 668Q300 679 286 679T261 668L11 418Q0 407 0 393T11 368 36 357H536Q550 357 561 368T571 393Z\"><\/path><\/svg>\t\t\t<\/div>\n\t\t\t<select name=\"form_fields[message]\" id=\"form-field-message\" class=\"elementor-field-textual elementor-size-xs\">\n\t\t\t\t\t\t\t\t\t<option value=\"Any\">Any<\/option>\n\t\t\t\t\t\t\t\t\t<option value=\"Inflatables\">Inflatables<\/option>\n\t\t\t\t\t\t\t\t\t<option value=\"Motorboats\">Motorboats<\/option>\n\t\t\t\t\t\t\t\t\t<option value=\"Yachts\">Yachts<\/option>\n\t\t\t\t\t\t\t\t\t<option value=\"Megayachts,\">Megayachts,<\/option>\n\t\t\t\t\t\t\t\t\t<option value=\"Sailboats,\">Sailboats,<\/option>\n\t\t\t\t\t\t\t\t\t<option value=\"Catamarans\">Catamarans<\/option>\n\t\t\t\t\t\t\t\t\t<option value=\"Gulets\">Gulets<\/option>\n\t\t\t\t\t\t\t\t\t<option value=\"Jet ski\">Jet ski<\/option>\n\t\t\t\t\t\t\t\t\t<option value=\"Water toys\">Water toys<\/option>\n\t\t\t\t\t\t\t<\/select>\n\t\t<\/div>\n\t\t\t\t\t\t<\/div>\n\t\t\t\t\t\t\t\t<div class=\"elementor-field-type-select elementor-field-group elementor-column elementor-field-group-field_8bf48cf elementor-col-20\">\n\t\t\t\t\t\t\t\t\t\t\t\t<label for=\"form-field-field_8bf48cf\" class=\"elementor-field-label\">\n\t\t\t\t\t\t\t\tBudget\t\t\t\t\t\t\t<\/label>\n\t\t\t\t\t\t\t\t<div class=\"elementor-field elementor-select-wrapper remove-before \">\n\t\t\t<div class=\"select-caret-down-wrapper\">\n\t\t\t\t<svg aria-hidden=\"true\" class=\"e-font-icon-svg e-eicon-caret-down\" viewBox=\"0 0 571.4 571.4\" xmlns=\"http:\/\/www.w3.org\/2000\/svg\"><path d=\"M571 393Q571 407 561 418L311 668Q300 679 286 679T261 668L11 418Q0 407 0 393T11 368 36 357H536Q550 357 561 368T571 393Z\"><\/path><\/svg>\t\t\t<\/div>\n\t\t\t<select name=\"form_fields[field_8bf48cf]\" id=\"form-field-field_8bf48cf\" class=\"elementor-field-textual elementor-size-xs\">\n\t\t\t\t\t\t\t\t\t<option value=\"Less than 500 \u20ac\">Less than 500 \u20ac<\/option>\n\t\t\t\t\t\t\t\t\t<option value=\"Between 500 \u20ac and 1000 \u20ac\">Between 500 \u20ac and 1000 \u20ac<\/option>\n\t\t\t\t\t\t\t\t\t<option value=\"Between 1000 \u20ac and 2000 \u20ac\">Between 1000 \u20ac and 2000 \u20ac<\/option>\n\t\t\t\t\t\t\t\t\t<option value=\"More than 2000 \u20ac\">More than 2000 \u20ac<\/option>\n\t\t\t\t\t\t\t<\/select>\n\t\t<\/div>\n\t\t\t\t\t\t<\/div>\n\t\t\t\t\t\t\t\t<div class=\"elementor-field-type-date elementor-field-group elementor-column elementor-field-group-field_a09f68f elementor-col-20 elementor-field-required\">\n\t\t\t\t\t\t\t\t\t\t\t\t<label for=\"form-field-field_a09f68f\" class=\"elementor-field-label\">\n\t\t\t\t\t\t\t\tYou will pick up the boat on\t\t\t\t\t\t\t<\/label>\n\t\t\t\t\t\t\n\t\t<input type=\"date\" name=\"form_fields[field_a09f68f]\" id=\"form-field-field_a09f68f\" class=\"elementor-field elementor-size-xs  elementor-field-textual elementor-date-field elementor-use-native\" required=\"required\" pattern=\"[0-9]{4}-[0-9]{2}-[0-9]{2}\">\n\t\t\t\t\t\t<\/div>\n\t\t\t\t\t\t\t\t<div class=\"elementor-field-type-date elementor-field-group elementor-column elementor-field-group-field_705b02b elementor-col-20 elementor-field-required\">\n\t\t\t\t\t\t\t\t\t\t\t\t<label for=\"form-field-field_705b02b\" class=\"elementor-field-label\">\n\t\t\t\t\t\t\t\tYou will return the boat on the day\t\t\t\t\t\t\t<\/label>\n\t\t\t\t\t\t\n\t\t<input type=\"date\" name=\"form_fields[field_705b02b]\" id=\"form-field-field_705b02b\" class=\"elementor-field elementor-size-xs  elementor-field-textual elementor-date-field elementor-use-native\" required=\"required\" pattern=\"[0-9]{4}-[0-9]{2}-[0-9]{2}\">\n\t\t\t\t\t\t<\/div>\n\t\t\t\t\t\t\t\t<div class=\"elementor-field-type-textarea elementor-field-group elementor-column elementor-field-group-field_eadeb7b elementor-col-100\">\n\t\t\t\t\t\t\t\t\t\t\t\t<label for=\"form-field-field_eadeb7b\" class=\"elementor-field-label\">\n\t\t\t\t\t\t\t\tComments\t\t\t\t\t\t\t<\/label>\n\t\t\t\t\t\t<textarea class=\"elementor-field-textual elementor-field  elementor-size-xs\" name=\"form_fields[field_eadeb7b]\" id=\"form-field-field_eadeb7b\" rows=\"4\"><\/textarea>\t\t\t\t<\/div>\n\t\t\t\t\t\t\t\t<div class=\"elementor-field-type-html elementor-field-group elementor-column elementor-field-group-aviso elementor-col-100\">\n\t\t\t\t\t<p style=\"font-size:13px; font-weight:600;margin-bottom:0px\" >DATA PROTECTION<\/p><p style=\"line-height:18px; font-size:9px; font-weight:300\";>De conformidad con las normativas de protecci\u00f3n de datos, le facilitamos la siguiente informaci\u00f3n del tratamiento: Responsable: BOAT CHARTER IBIZA 68 SL. Fines del tratamiento: mantener una relaci\u00f3n comercial y enviar comunicaciones de productos o servicios Derechos que le asisten: acceso, rectificaci\u00f3n, portabilidad, supresi\u00f3n, limitaci\u00f3n y oposici\u00f3n. <br>More information about the treatment in the <a href=\"\/en\/privacy-policy\/\" class=\"blue\">Privacy policy.<\/a><\/p>\t\t\t\t<\/div>\n\t\t\t\t\t\t\t\t<div class=\"elementor-field-type-checkbox elementor-field-group elementor-column elementor-field-group-aceptacion elementor-col-100\">\n\t\t\t\t\t<div class=\"elementor-field-subgroup  \"><span class=\"elementor-field-option\"><input type=\"checkbox\" value=\"I accept the processing of my data for the purpose of sending communications about products or services.\" id=\"form-field-aceptacion-0\" name=\"form_fields[aceptacion]\"> <label for=\"form-field-aceptacion-0\">I accept the processing of my data for the purpose of sending communications about products or services.<\/label><\/span><\/div>\t\t\t\t<\/div>\n\t\t\t\t\t\t\t\t<div class=\"elementor-field-type-recaptcha_v3 elementor-field-group elementor-column elementor-field-group-field_e63923a elementor-col-100 recaptcha_v3-bottomright\">\n\t\t\t\t\t<div class=\"elementor-field\" id=\"form-field-field_e63923a\"><div class=\"elementor-g-recaptcha\" data-sitekey=\"6LcGQN4fAAAAAI_cTpJZDvBFrh1vuP4OOsr6KJ_o\" data-type=\"v3\" data-action=\"Form\" data-badge=\"bottomright\" data-size=\"invisible\"><\/div><\/div>\t\t\t\t<\/div>\n\t\t\t\t\t\t\t\t<div class=\"elementor-field-group elementor-column elementor-field-type-submit elementor-col-100 e-form__buttons\">\n\t\t\t\t\t<button class=\"elementor-button elementor-size-sm\" type=\"submit\">\n\t\t\t\t\t\t<span class=\"elementor-button-content-wrapper\">\n\t\t\t\t\t\t\t\t\t\t\t\t\t\t\t\t\t\t\t\t\t\t<span class=\"elementor-button-text\">Send<\/span>\n\t\t\t\t\t\t\t\t\t\t\t\t\t<\/span>\n\t\t\t\t\t<\/button>\n\t\t\t\t<\/div>\n\t\t\t<\/div>\n\t\t<\/form>\n\t\t\t\t\t\t<\/div>\n\t\t\t\t<\/div>\n\t\t\t\t<\/div>\n\t\t\t\t\t<\/div>\n\t\t\t\t<\/div>\n\t\t\t\t<\/div>\n\t\t\t\t<\/div>\n\t\t\t\t\t\t<\/div>\n\t\t\t\t<\/div>\n\t\t\t\t<\/div>\n\t\t\t\t<\/div>\n\t\t","protected":false},"excerpt":{"rendered":"<p>Portada Our\u00a0Gulet Charter services in Ibiza\u00a0is an exceptional option to enjoy your holiday. It is a boat that turns sailing into a celebration at sea, where you can explore and relax. Gulet rental in Ibiza The Gulet Rental option in Ibiza is designed for lovers of classic boats, sailing vessels with two or more masts, [&hellip;]<\/p>\n","protected":false},"author":1,"featured_media":0,"parent":18989,"menu_order":0,"comment_status":"closed","ping_status":"closed","template":"","meta":{"_acf_changed":false,"_joinchat":[],"footnotes":""},"class_list":["post-20967","page","type-page","status-publish","hentry"],"acf":[],"_links":{"self":[{"href":"https:\/\/www.charterenibiza.com\/en\/wp-json\/wp\/v2\/pages\/20967","targetHints":{"allow":["GET"]}}],"collection":[{"href":"https:\/\/www.charterenibiza.com\/en\/wp-json\/wp\/v2\/pages"}],"about":[{"href":"https:\/\/www.charterenibiza.com\/en\/wp-json\/wp\/v2\/types\/page"}],"author":[{"embeddable":true,"href":"https:\/\/www.charterenibiza.com\/en\/wp-json\/wp\/v2\/users\/1"}],"replies":[{"embeddable":true,"href":"https:\/\/www.charterenibiza.com\/en\/wp-json\/wp\/v2\/comments?post=20967"}],"version-history":[{"count":0,"href":"https:\/\/www.charterenibiza.com\/en\/wp-json\/wp\/v2\/pages\/20967\/revisions"}],"up":[{"embeddable":true,"href":"https:\/\/www.charterenibiza.com\/en\/wp-json\/wp\/v2\/pages\/18989"}],"wp:attachment":[{"href":"https:\/\/www.charterenibiza.com\/en\/wp-json\/wp\/v2\/media?parent=20967"}],"curies":[{"name":"wp","href":"https:\/\/api.w.org\/{rel}","templated":true}]}}