{"id":18925,"date":"2024-05-27T08:56:03","date_gmt":"2024-05-27T06:56:03","guid":{"rendered":"https:\/\/www.charterenibiza.com\/who-we-are\/"},"modified":"2026-05-01T07:01:12","modified_gmt":"2026-05-01T05:01:12","slug":"quienes-somos","status":"publish","type":"page","link":"https:\/\/www.charterenibiza.com\/en\/who-we-are\/","title":{"rendered":"Who we are"},"content":{"rendered":"\t\t<div data-elementor-type=\"wp-page\" data-elementor-id=\"18925\" class=\"elementor elementor-18925 elementor-194\" data-elementor-settings=\"{&quot;ha_cmc_init_switcher&quot;:&quot;no&quot;}\" data-elementor-post-type=\"page\">\n\t\t\t\t<div class=\"elementor-element elementor-element-c207006 e-flex e-con-boxed e-con e-parent\" data-id=\"c207006\" data-element_type=\"container\" data-e-type=\"container\" data-settings=\"{&quot;background_background&quot;:&quot;classic&quot;,&quot;_ha_eqh_enable&quot;:false}\">\n\t\t\t\t\t<div class=\"e-con-inner\">\n\t\t\t\t<div class=\"elementor-element elementor-element-d030b5f elementor-widget elementor-widget-heading\" data-id=\"d030b5f\" data-element_type=\"widget\" data-e-type=\"widget\" data-widget_type=\"heading.default\">\n\t\t\t\t<div class=\"elementor-widget-container\">\n\t\t\t\t\t<h1 class=\"elementor-heading-title elementor-size-default\">About Charter<\/h1>\t\t\t\t<\/div>\n\t\t\t\t<\/div>\n\t\t\t\t\t<\/div>\n\t\t\t\t<\/div>\n\t\t<div class=\"elementor-element elementor-element-22a4144 e-flex e-con-boxed e-con e-parent\" data-id=\"22a4144\" data-element_type=\"container\" data-e-type=\"container\" data-settings=\"{&quot;_ha_eqh_enable&quot;:false}\">\n\t\t\t\t\t<div class=\"e-con-inner\">\n\t\t\t\t<div class=\"elementor-element elementor-element-72ae904 elementor-widget__width-inherit elementor-widget elementor-widget-text-editor\" data-id=\"72ae904\" data-element_type=\"widget\" data-e-type=\"widget\" data-widget_type=\"text-editor.default\">\n\t\t\t\t<div class=\"elementor-widget-container\">\n\t\t\t\t\t\t\t\t\t<p><span style=\"font-size: 24px; font-weight: 400; color: #333333;\">Charter en Ibiza<\/span>, is a company dedicated to the rental of boats on the island. We have more than 15 years of training and experience in the world of sailing. Therefore, we can tell you that every summer we help more and more customers to organize their dream holidays by renting a boat in <strong>Ibiza and Formentera<\/strong>.<\/p>\n<p>We want to show you our islands, the Pitiusas, our paradise in the middle of the Mediterranean. Although it is still unknown to many, it is within everyone&#8217;s reach. So come and discover its beaches, its secret corners and, above all, those little natural treasures that you can only discover on board our boats in Ibiza.<\/p>\t\t\t\t\t\t\t\t<\/div>\n\t\t\t\t<\/div>\n\t\t\t\t<div class=\"elementor-element elementor-element-4c127e7 elementor-widget__width-inherit elementor-widget elementor-widget-text-editor\" data-id=\"4c127e7\" data-element_type=\"widget\" data-e-type=\"widget\" data-widget_type=\"text-editor.default\">\n\t\t\t\t<div class=\"elementor-widget-container\">\n\t\t\t\t\t\t\t\t\t<p><span style=\"color: #333333; font-family: inherit; font-size: 1.5rem; text-align: var(--text-align);\">Boat rentals in Ibiza, yachts and speedboats<\/span><\/p><p>We offer you the rental of boats in Ibiza, yachts and motorboats, with or without skipper. For more information, you can call us on +34 670 373 467 or send us an email to <span style=\"color: #1cbac8;\"><a style=\"color: #1cbac8;\" href=\"mailto:info@charterenibiza.com\">info@charterenibiza.com<\/a><\/span>,\u00a0and we will provide you with all the details you need.<\/p><p>Our large fleet of boats, located in the Port of Ibiza, includes jet skis, water toys and inflatables. In addition to motorboats, yachts, catamarans, sailing boats and schooners, among others.<\/p>\t\t\t\t\t\t\t\t<\/div>\n\t\t\t\t<\/div>\n\t\t\t\t\t<\/div>\n\t\t\t\t<\/div>\n\t\t<div class=\"elementor-element elementor-element-cd168d4 e-flex e-con-boxed e-con e-parent\" data-id=\"cd168d4\" data-element_type=\"container\" data-e-type=\"container\" data-settings=\"{&quot;_ha_eqh_enable&quot;:false}\">\n\t\t\t\t\t<div class=\"e-con-inner\">\n\t\t<div class=\"elementor-element elementor-element-bd0a178 e-con-full e-flex e-con e-child\" data-id=\"bd0a178\" data-element_type=\"container\" data-e-type=\"container\" data-settings=\"{&quot;_ha_eqh_enable&quot;:false}\">\n\t\t\t\t<div class=\"elementor-element elementor-element-fb092d8 elementor-widget__width-inherit elementor-widget elementor-widget-text-editor\" data-id=\"fb092d8\" data-element_type=\"widget\" data-e-type=\"widget\" data-widget_type=\"text-editor.default\">\n\t\t\t\t<div class=\"elementor-widget-container\">\n\t\t\t\t\t\t\t\t\t<p>Therefore, if you have nautical qualifications and experience, you can enjoy the incomparable sensation of sailing freely around our islands by renting a boat. Otherwise, you can sail accompanied by a member of our crew.<\/p><p>If you are looking for boats with skipper, rent a yacht in Ibiza, a jet ski, a boat for rent in Ibiza, a motor boat, motorboats or sailboats, you have at your disposal our best options. We only offer the best for you, so that you can enjoy your holidays in Ibiza to the maximum.<\/p><p>We are specialists in boat hire in Ibiza with or without skipper. Our skippers know every corner of the islands to perfection, so they will guide you to the most hidden coves and the best sunsets in Ibiza or Formentera. You choose!<\/p>\t\t\t\t\t\t\t\t<\/div>\n\t\t\t\t<\/div>\n\t\t\t\t<\/div>\n\t\t<div class=\"elementor-element elementor-element-01cbf2e e-con-full e-flex e-con e-child\" data-id=\"01cbf2e\" data-element_type=\"container\" data-e-type=\"container\" data-settings=\"{&quot;_ha_eqh_enable&quot;:false}\">\n\t\t\t\t<div class=\"elementor-element elementor-element-d7e47a7 elementor-widget__width-initial elementor-widget elementor-widget-image\" data-id=\"d7e47a7\" data-element_type=\"widget\" data-e-type=\"widget\" data-widget_type=\"image.default\">\n\t\t\t\t<div class=\"elementor-widget-container\">\n\t\t\t\t\t\t\t\t\t\t\t\t\t\t\t<img fetchpriority=\"high\" decoding=\"async\" width=\"368\" height=\"246\" src=\"https:\/\/www.charterenibiza.com\/wp-content\/uploads\/2024\/05\/image-1.png\" class=\"attachment-large size-large wp-image-2054\" alt=\"\" srcset=\"https:\/\/www.charterenibiza.com\/wp-content\/uploads\/2024\/05\/image-1.png 368w, https:\/\/www.charterenibiza.com\/wp-content\/uploads\/2024\/05\/image-1-300x201.png 300w\" sizes=\"(max-width: 368px) 100vw, 368px\">\t\t\t\t\t\t\t\t\t\t\t\t\t\t\t<\/div>\n\t\t\t\t<\/div>\n\t\t\t\t<\/div>\n\t\t<div class=\"elementor-element elementor-element-93dd988 e-con-full e-flex e-con e-child\" data-id=\"93dd988\" data-element_type=\"container\" data-e-type=\"container\" data-settings=\"{&quot;_ha_eqh_enable&quot;:false}\">\n\t\t\t\t<div class=\"elementor-element elementor-element-0e0e7d7 elementor-widget__width-inherit elementor-widget elementor-widget-text-editor\" data-id=\"0e0e7d7\" data-element_type=\"widget\" data-e-type=\"widget\" data-widget_type=\"text-editor.default\">\n\t\t\t\t<div class=\"elementor-widget-container\">\n\t\t\t\t\t\t\t\t\t<p>Would you like to give yourself a treat, sail and fall in love with our coast aboard a splendid yacht? We are also leaders in yacht charter in Ibiza.<\/p><p>Either way, we have the perfect boat for your charter.<\/p>\t\t\t\t\t\t\t\t<\/div>\n\t\t\t\t<\/div>\n\t\t\t\t<\/div>\n\t\t\t\t\t<\/div>\n\t\t\t\t<\/div>\n\t\t<div class=\"elementor-element elementor-element-abd2fbc e-con-full e-flex e-con e-parent\" data-id=\"abd2fbc\" data-element_type=\"container\" data-e-type=\"container\" data-settings=\"{&quot;_ha_eqh_enable&quot;:false}\">\n\t\t\t\t<div class=\"elementor-element elementor-element-3fce66a elementor-widget elementor-widget-template\" data-id=\"3fce66a\" data-element_type=\"widget\" data-e-type=\"widget\" data-widget_type=\"template.default\">\n\t\t\t\t<div class=\"elementor-widget-container\">\n\t\t\t\t\t\t\t<div class=\"elementor-template\">\n\t\t\t\t\t<div data-elementor-type=\"section\" data-elementor-id=\"21959\" class=\"elementor elementor-21959 elementor-21937 elementor-21937\" data-elementor-settings=\"{&quot;ha_cmc_init_switcher&quot;:&quot;no&quot;}\" data-elementor-post-type=\"elementor_library\">\n\t\t\t<div class=\"elementor-element elementor-element-819f720 e-flex e-con-boxed e-con e-parent\" data-id=\"819f720\" data-element_type=\"container\" data-e-type=\"container\" data-settings=\"{&quot;background_background&quot;:&quot;classic&quot;,&quot;_ha_eqh_enable&quot;:false}\">\n\t\t\t\t\t<div class=\"e-con-inner\">\n\t\t\t\t<div class=\"elementor-element elementor-element-6058483 elementor-widget__width-inherit elementor-widget elementor-widget-heading\" data-id=\"6058483\" data-element_type=\"widget\" data-e-type=\"widget\" data-widget_type=\"heading.default\">\n\t\t\t\t<div class=\"elementor-widget-container\">\n\t\t\t\t\t<span class=\"elementor-heading-title elementor-size-default\">Contact Us: Your Dream Holiday Starts Here<\/span>\t\t\t\t<\/div>\n\t\t\t\t<\/div>\n\t\t\t\t<div class=\"elementor-element elementor-element-7d7d093 elementor-widget elementor-widget-text-editor\" data-id=\"7d7d093\" data-element_type=\"widget\" data-e-type=\"widget\" data-widget_type=\"text-editor.default\">\n\t\t\t\t<div class=\"elementor-widget-container\">\n\t\t\t\t\t\t\t\t\t<p>At\u00a0<strong>Charter en Ibiza<\/strong>, we are here to help you with all your requests. If you want a boat for a getaway, holiday or event, just fill in this form. We will give you all the details you need to make your charter perfect.<\/p>\t\t\t\t\t\t\t\t<\/div>\n\t\t\t\t<\/div>\n\t\t<div class=\"elementor-element elementor-element-26da607 e-con-full e-flex e-con e-child\" data-id=\"26da607\" data-element_type=\"container\" data-e-type=\"container\" data-settings=\"{&quot;_ha_eqh_enable&quot;:false}\">\n\t\t\t\t<div class=\"elementor-element elementor-element-83e601b elementor-button-align-end elementor-widget__width-initial elementor-widget-mobile__width-inherit elementor-widget elementor-widget-form\" data-id=\"83e601b\" data-element_type=\"widget\" data-e-type=\"widget\" data-settings=\"{&quot;step_next_label&quot;:&quot;Siguiente&quot;,&quot;step_previous_label&quot;:&quot;Anterior&quot;,&quot;button_width&quot;:&quot;100&quot;,&quot;step_type&quot;:&quot;number_text&quot;,&quot;step_icon_shape&quot;:&quot;circle&quot;}\" data-widget_type=\"form.default\">\n\t\t\t\t<div class=\"elementor-widget-container\">\n\t\t\t\t\t\t\t<form class=\"elementor-form\" method=\"post\" name=\"home\" aria-label=\"home\">\n\t\t\t<input type=\"hidden\" name=\"post_id\" value=\"21959\"\/>\n\t\t\t<input type=\"hidden\" name=\"form_id\" value=\"83e601b\"\/>\n\t\t\t<input type=\"hidden\" name=\"referer_title\" value=\"Alquiler de Hours en Ibiza | Charter en Ibiza\" \/>\n\n\t\t\t\n\t\t\t<div class=\"elementor-form-fields-wrapper elementor-labels-above\">\n\t\t\t\t\t\t\t\t<div class=\"elementor-field-type-text elementor-field-group elementor-column elementor-field-group-name elementor-col-33 elementor-field-required\">\n\t\t\t\t\t\t\t\t\t\t\t\t<label for=\"form-field-name\" class=\"elementor-field-label\">\n\t\t\t\t\t\t\t\tName and Surname (required)\t\t\t\t\t\t\t<\/label>\n\t\t\t\t\t\t\t\t\t\t\t\t\t\t<input size=\"1\" type=\"text\" name=\"form_fields[name]\" id=\"form-field-name\" class=\"elementor-field elementor-size-xs  elementor-field-textual\" required=\"required\">\n\t\t\t\t\t\t\t\t\t\t\t<\/div>\n\t\t\t\t\t\t\t\t<div class=\"elementor-field-type-tel elementor-field-group elementor-column elementor-field-group-field_dae6361 elementor-col-33 elementor-field-required\">\n\t\t\t\t\t\t\t\t\t\t\t\t<label for=\"form-field-field_dae6361\" class=\"elementor-field-label\">\n\t\t\t\t\t\t\t\tTelephone (required)\t\t\t\t\t\t\t<\/label>\n\t\t\t\t\t\t\t\t<input size=\"1\" type=\"tel\" name=\"form_fields[field_dae6361]\" id=\"form-field-field_dae6361\" class=\"elementor-field elementor-size-xs  elementor-field-textual\" required=\"required\" pattern=\"[0-9()#&amp;+*-=.]+\" title=\"Only numbers and phone characters (#, -, *, etc) are accepted.\">\n\n\t\t\t\t\t\t<\/div>\n\t\t\t\t\t\t\t\t<div class=\"elementor-field-type-email elementor-field-group elementor-column elementor-field-group-field_ee49928 elementor-col-33 elementor-field-required\">\n\t\t\t\t\t\t\t\t\t\t\t\t<label for=\"form-field-field_ee49928\" class=\"elementor-field-label\">\n\t\t\t\t\t\t\t\tE-mail (required)\t\t\t\t\t\t\t<\/label>\n\t\t\t\t\t\t\t\t\t\t\t\t\t\t<input size=\"1\" type=\"email\" name=\"form_fields[field_ee49928]\" id=\"form-field-field_ee49928\" class=\"elementor-field elementor-size-xs  elementor-field-textual\" required=\"required\">\n\t\t\t\t\t\t\t\t\t\t\t<\/div>\n\t\t\t\t\t\t\t\t<div class=\"elementor-field-type-number elementor-field-group elementor-column elementor-field-group-email elementor-col-20 elementor-field-required\">\n\t\t\t\t\t\t\t\t\t\t\t\t<label for=\"form-field-email\" class=\"elementor-field-label\">\n\t\t\t\t\t\t\t\tN. people (required)\t\t\t\t\t\t\t<\/label>\n\t\t\t\t\t\t\t\t\t<input type=\"number\" name=\"form_fields[email]\" id=\"form-field-email\" class=\"elementor-field elementor-size-xs  elementor-field-textual\" required=\"required\" min=\"\" max=\"\" >\n\t\t\t\t\t\t<\/div>\n\t\t\t\t\t\t\t\t<div class=\"elementor-field-type-select elementor-field-group elementor-column elementor-field-group-message elementor-col-20\">\n\t\t\t\t\t\t\t\t\t\t\t\t<label for=\"form-field-message\" class=\"elementor-field-label\">\n\t\t\t\t\t\t\t\tBoat category\t\t\t\t\t\t\t<\/label>\n\t\t\t\t\t\t\t\t<div class=\"elementor-field elementor-select-wrapper remove-before \">\n\t\t\t<div class=\"select-caret-down-wrapper\">\n\t\t\t\t<svg aria-hidden=\"true\" class=\"e-font-icon-svg e-eicon-caret-down\" viewBox=\"0 0 571.4 571.4\" xmlns=\"http:\/\/www.w3.org\/2000\/svg\"><path d=\"M571 393Q571 407 561 418L311 668Q300 679 286 679T261 668L11 418Q0 407 0 393T11 368 36 357H536Q550 357 561 368T571 393Z\"><\/path><\/svg>\t\t\t<\/div>\n\t\t\t<select name=\"form_fields[message]\" id=\"form-field-message\" class=\"elementor-field-textual elementor-size-xs\">\n\t\t\t\t\t\t\t\t\t<option value=\"Any\">Any<\/option>\n\t\t\t\t\t\t\t\t\t<option value=\"Inflatables\">Inflatables<\/option>\n\t\t\t\t\t\t\t\t\t<option value=\"Motorboats\">Motorboats<\/option>\n\t\t\t\t\t\t\t\t\t<option value=\"Yachts\">Yachts<\/option>\n\t\t\t\t\t\t\t\t\t<option value=\"Megayachts,\">Megayachts,<\/option>\n\t\t\t\t\t\t\t\t\t<option value=\"Sailboats,\">Sailboats,<\/option>\n\t\t\t\t\t\t\t\t\t<option value=\"Catamarans\">Catamarans<\/option>\n\t\t\t\t\t\t\t\t\t<option value=\"Gulets\">Gulets<\/option>\n\t\t\t\t\t\t\t\t\t<option value=\"Jet ski\">Jet ski<\/option>\n\t\t\t\t\t\t\t\t\t<option value=\"Water toys\">Water toys<\/option>\n\t\t\t\t\t\t\t<\/select>\n\t\t<\/div>\n\t\t\t\t\t\t<\/div>\n\t\t\t\t\t\t\t\t<div class=\"elementor-field-type-select elementor-field-group elementor-column elementor-field-group-field_8bf48cf elementor-col-20\">\n\t\t\t\t\t\t\t\t\t\t\t\t<label for=\"form-field-field_8bf48cf\" class=\"elementor-field-label\">\n\t\t\t\t\t\t\t\tBudget\t\t\t\t\t\t\t<\/label>\n\t\t\t\t\t\t\t\t<div class=\"elementor-field elementor-select-wrapper remove-before \">\n\t\t\t<div class=\"select-caret-down-wrapper\">\n\t\t\t\t<svg aria-hidden=\"true\" class=\"e-font-icon-svg e-eicon-caret-down\" viewBox=\"0 0 571.4 571.4\" xmlns=\"http:\/\/www.w3.org\/2000\/svg\"><path d=\"M571 393Q571 407 561 418L311 668Q300 679 286 679T261 668L11 418Q0 407 0 393T11 368 36 357H536Q550 357 561 368T571 393Z\"><\/path><\/svg>\t\t\t<\/div>\n\t\t\t<select name=\"form_fields[field_8bf48cf]\" id=\"form-field-field_8bf48cf\" class=\"elementor-field-textual elementor-size-xs\">\n\t\t\t\t\t\t\t\t\t<option value=\"Less than 500 \u20ac\">Less than 500 \u20ac<\/option>\n\t\t\t\t\t\t\t\t\t<option value=\"Between 500 \u20ac and 1000 \u20ac\">Between 500 \u20ac and 1000 \u20ac<\/option>\n\t\t\t\t\t\t\t\t\t<option value=\"Between 1000 \u20ac and 2000 \u20ac\">Between 1000 \u20ac and 2000 \u20ac<\/option>\n\t\t\t\t\t\t\t\t\t<option value=\"More than 2000 \u20ac\">More than 2000 \u20ac<\/option>\n\t\t\t\t\t\t\t<\/select>\n\t\t<\/div>\n\t\t\t\t\t\t<\/div>\n\t\t\t\t\t\t\t\t<div class=\"elementor-field-type-date elementor-field-group elementor-column elementor-field-group-field_a09f68f elementor-col-20 elementor-field-required\">\n\t\t\t\t\t\t\t\t\t\t\t\t<label for=\"form-field-field_a09f68f\" class=\"elementor-field-label\">\n\t\t\t\t\t\t\t\tYou will pick up the boat on\t\t\t\t\t\t\t<\/label>\n\t\t\t\t\t\t\n\t\t<input type=\"date\" name=\"form_fields[field_a09f68f]\" id=\"form-field-field_a09f68f\" class=\"elementor-field elementor-size-xs  elementor-field-textual elementor-date-field elementor-use-native\" required=\"required\" pattern=\"[0-9]{4}-[0-9]{2}-[0-9]{2}\">\n\t\t\t\t\t\t<\/div>\n\t\t\t\t\t\t\t\t<div class=\"elementor-field-type-date elementor-field-group elementor-column elementor-field-group-field_705b02b elementor-col-20 elementor-field-required\">\n\t\t\t\t\t\t\t\t\t\t\t\t<label for=\"form-field-field_705b02b\" class=\"elementor-field-label\">\n\t\t\t\t\t\t\t\tYou will return the boat on the day\t\t\t\t\t\t\t<\/label>\n\t\t\t\t\t\t\n\t\t<input type=\"date\" name=\"form_fields[field_705b02b]\" id=\"form-field-field_705b02b\" class=\"elementor-field elementor-size-xs  elementor-field-textual elementor-date-field elementor-use-native\" required=\"required\" pattern=\"[0-9]{4}-[0-9]{2}-[0-9]{2}\">\n\t\t\t\t\t\t<\/div>\n\t\t\t\t\t\t\t\t<div class=\"elementor-field-type-textarea elementor-field-group elementor-column elementor-field-group-field_eadeb7b elementor-col-100\">\n\t\t\t\t\t\t\t\t\t\t\t\t<label for=\"form-field-field_eadeb7b\" class=\"elementor-field-label\">\n\t\t\t\t\t\t\t\tComments\t\t\t\t\t\t\t<\/label>\n\t\t\t\t\t\t<textarea class=\"elementor-field-textual elementor-field  elementor-size-xs\" name=\"form_fields[field_eadeb7b]\" id=\"form-field-field_eadeb7b\" rows=\"4\"><\/textarea>\t\t\t\t<\/div>\n\t\t\t\t\t\t\t\t<div class=\"elementor-field-type-html elementor-field-group elementor-column elementor-field-group-aviso elementor-col-100\">\n\t\t\t\t\t<p style=\"font-size:13px; font-weight:600;margin-bottom:0px\" >DATA PROTECTION<\/p><p style=\"line-height:18px; font-size:9px; font-weight:300\";>De conformidad con las normativas de protecci\u00f3n de datos, le facilitamos la siguiente informaci\u00f3n del tratamiento: Responsable: BOAT CHARTER IBIZA 68 SL. Fines del tratamiento: mantener una relaci\u00f3n comercial y enviar comunicaciones de productos o servicios Derechos que le asisten: acceso, rectificaci\u00f3n, portabilidad, supresi\u00f3n, limitaci\u00f3n y oposici\u00f3n. <br>More information about the treatment in the <a href=\"\/en\/privacy-policy\/\" class=\"blue\">Privacy policy.<\/a><\/p>\t\t\t\t<\/div>\n\t\t\t\t\t\t\t\t<div class=\"elementor-field-type-checkbox elementor-field-group elementor-column elementor-field-group-aceptacion elementor-col-100\">\n\t\t\t\t\t<div class=\"elementor-field-subgroup  \"><span class=\"elementor-field-option\"><input type=\"checkbox\" value=\"I accept the processing of my data for the purpose of sending communications about products or services.\" id=\"form-field-aceptacion-0\" name=\"form_fields[aceptacion]\"> <label for=\"form-field-aceptacion-0\">I accept the processing of my data for the purpose of sending communications about products or services.<\/label><\/span><\/div>\t\t\t\t<\/div>\n\t\t\t\t\t\t\t\t<div class=\"elementor-field-type-recaptcha_v3 elementor-field-group elementor-column elementor-field-group-field_e63923a elementor-col-100 recaptcha_v3-bottomright\">\n\t\t\t\t\t<div class=\"elementor-field\" id=\"form-field-field_e63923a\"><div class=\"elementor-g-recaptcha\" data-sitekey=\"6LcGQN4fAAAAAI_cTpJZDvBFrh1vuP4OOsr6KJ_o\" data-type=\"v3\" data-action=\"Form\" data-badge=\"bottomright\" data-size=\"invisible\"><\/div><\/div>\t\t\t\t<\/div>\n\t\t\t\t\t\t\t\t<div class=\"elementor-field-group elementor-column elementor-field-type-submit elementor-col-100 e-form__buttons\">\n\t\t\t\t\t<button class=\"elementor-button elementor-size-sm\" type=\"submit\">\n\t\t\t\t\t\t<span class=\"elementor-button-content-wrapper\">\n\t\t\t\t\t\t\t\t\t\t\t\t\t\t\t\t\t\t\t\t\t\t<span class=\"elementor-button-text\">Send<\/span>\n\t\t\t\t\t\t\t\t\t\t\t\t\t<\/span>\n\t\t\t\t\t<\/button>\n\t\t\t\t<\/div>\n\t\t\t<\/div>\n\t\t<\/form>\n\t\t\t\t\t\t<\/div>\n\t\t\t\t<\/div>\n\t\t\t\t<\/div>\n\t\t\t\t\t<\/div>\n\t\t\t\t<\/div>\n\t\t\t\t<\/div>\n\t\t\t\t<\/div>\n\t\t\t\t\t\t<\/div>\n\t\t\t\t<\/div>\n\t\t\t\t<\/div>\n\t\t\t\t<\/div>\n\t\t","protected":false},"excerpt":{"rendered":"<p>About Charter Charter en Ibiza, is a company dedicated to the rental of boats on the island. We have more than 15 years of training and experience in the world of sailing. Therefore, we can tell you that every summer we help more and more customers to organize their dream holidays by renting a boat [&hellip;]<\/p>\n","protected":false},"author":1,"featured_media":0,"parent":0,"menu_order":0,"comment_status":"closed","ping_status":"closed","template":"","meta":{"_acf_changed":false,"_joinchat":[],"footnotes":""},"class_list":["post-18925","page","type-page","status-publish","hentry"],"acf":[],"_links":{"self":[{"href":"https:\/\/www.charterenibiza.com\/en\/wp-json\/wp\/v2\/pages\/18925","targetHints":{"allow":["GET"]}}],"collection":[{"href":"https:\/\/www.charterenibiza.com\/en\/wp-json\/wp\/v2\/pages"}],"about":[{"href":"https:\/\/www.charterenibiza.com\/en\/wp-json\/wp\/v2\/types\/page"}],"author":[{"embeddable":true,"href":"https:\/\/www.charterenibiza.com\/en\/wp-json\/wp\/v2\/users\/1"}],"replies":[{"embeddable":true,"href":"https:\/\/www.charterenibiza.com\/en\/wp-json\/wp\/v2\/comments?post=18925"}],"version-history":[{"count":0,"href":"https:\/\/www.charterenibiza.com\/en\/wp-json\/wp\/v2\/pages\/18925\/revisions"}],"wp:attachment":[{"href":"https:\/\/www.charterenibiza.com\/en\/wp-json\/wp\/v2\/media?parent=18925"}],"curies":[{"name":"wp","href":"https:\/\/api.w.org\/{rel}","templated":true}]}}